{"id":3461,"date":"2025-02-14T14:30:28","date_gmt":"2025-02-14T13:30:28","guid":{"rendered":"https:\/\/velo-pdl.fr\/?page_id=3461"},"modified":"2025-02-14T14:54:58","modified_gmt":"2025-02-14T13:54:58","slug":"le-velo-dans-les-elections","status":"publish","type":"page","link":"https:\/\/velo-pdl.fr\/index.php\/le-velo-dans-les-elections\/","title":{"rendered":"Le v\u00e9lo dans les \u00e9lections"},"content":{"rendered":"<div id=\"ez-toc-container\" class=\"ez-toc-v2_0_80 counter-hierarchy ez-toc-counter ez-toc-grey ez-toc-container-direction\">\n<div class=\"ez-toc-title-container\">\n<p class=\"ez-toc-title\" style=\"cursor:inherit\">Table des mati\u00e8res<\/p>\n<span class=\"ez-toc-title-toggle\"><a href=\"#\" class=\"ez-toc-pull-right ez-toc-btn ez-toc-btn-xs ez-toc-btn-default ez-toc-toggle\" aria-label=\"Toggle Table of Content\"><span class=\"ez-toc-js-icon-con\"><span class=\"\"><span class=\"eztoc-hide\" style=\"display:none;\">Toggle<\/span><span class=\"ez-toc-icon-toggle-span\"><svg style=\"fill: #999;color:#999\" xmlns=\"http:\/\/www.w3.org\/2000\/svg\" class=\"list-377408\" width=\"20px\" height=\"20px\" viewBox=\"0 0 24 24\" fill=\"none\"><path d=\"M6 6H4v2h2V6zm14 0H8v2h12V6zM4 11h2v2H4v-2zm16 0H8v2h12v-2zM4 16h2v2H4v-2zm16 0H8v2h12v-2z\" fill=\"currentColor\"><\/path><\/svg><svg style=\"fill: #999;color:#999\" class=\"arrow-unsorted-368013\" xmlns=\"http:\/\/www.w3.org\/2000\/svg\" width=\"10px\" height=\"10px\" viewBox=\"0 0 24 24\" version=\"1.2\" baseProfile=\"tiny\"><path d=\"M18.2 9.3l-6.2-6.3-6.2 6.3c-.2.2-.3.4-.3.7s.1.5.3.7c.2.2.4.3.7.3h11c.3 0 .5-.1.7-.3.2-.2.3-.5.3-.7s-.1-.5-.3-.7zM5.8 14.7l6.2 6.3 6.2-6.3c.2-.2.3-.5.3-.7s-.1-.5-.3-.7c-.2-.2-.4-.3-.7-.3h-11c-.3 0-.5.1-.7.3-.2.2-.3.5-.3.7s.1.5.3.7z\"\/><\/svg><\/span><\/span><\/span><\/a><\/span><\/div>\n<nav><ul class='ez-toc-list ez-toc-list-level-1 ' ><li class='ez-toc-page-1 ez-toc-heading-level-4'><a class=\"ez-toc-link ez-toc-heading-1\" href=\"https:\/\/velo-pdl.fr\/index.php\/le-velo-dans-les-elections\/#1_Parlons_velo_regionales_2021_interrogation_des_candidats_quant_a_leur_engagement_en_faveur_des_politiques_cyclables\" >1. Parlons v\u00e9lo r\u00e9gionales 2021: interrogation des candidats quant \u00e0 leur engagement en faveur des politiques cyclables<\/a><\/li><li class='ez-toc-page-1 ez-toc-heading-level-4'><a class=\"ez-toc-link ez-toc-heading-2\" href=\"https:\/\/velo-pdl.fr\/index.php\/le-velo-dans-les-elections\/#_2_Parlons_velo_departementales_2021_interrogation_des_candidats_quant_a_leur_engagement_en_faveur_des_politiques_cyclables\" >\u00a0 \u00a0 \u00a0 \u00a0 \u00a0 2. Parlons v\u00e9lo d\u00e9partementales 2021 : interrogation des candidats quant \u00e0 leur engagement en faveur des politiques cyclables<\/a><\/li><\/ul><\/nav><\/div>\n<h4 style=\"padding-left: 40px;\"><span class=\"ez-toc-section\" id=\"1_Parlons_velo_regionales_2021_interrogation_des_candidats_quant_a_leur_engagement_en_faveur_des_politiques_cyclables\"><\/span><strong>1. Parlons v\u00e9lo r\u00e9gionales 2021: interrogation des candidats quant \u00e0 leur engagement en faveur des politiques cyclables<\/strong><span class=\"ez-toc-section-end\"><\/span><\/h4>\n<p>Lors de la derni\u00e8re \u00e9lection r\u00e9gionale de 2021, la plateforme \u00ab<a href=\"https:\/\/www.parlons-velo.fr\/\"> Parlons V\u00e9lo 2021<\/a> \u00bb a \u00e9t\u00e9 lanc\u00e9e par la FUB et V\u00e9lo &amp; Territoires avec le soutien du Club des villes et territoires cyclables et l\u2019Union Sport et Cycle. \u00c0 travers un questionnaire en ligne, cet <a href=\"https:\/\/elections.parlons-velo.fr\/2021\/documents\/livre_blanc_regionales.pdf\">outil<\/a> a permis d\u2019interroger les candidats \u00e0 l&rsquo;\u00e9lection quant \u00e0 leur engagement en faveur des politiques cyclables. <strong>Cinq grands axes de travail<\/strong> ont ainsi \u00e9t\u00e9 d\u00e9finis pour un mandat r\u00e9gional \u0153uvrant pour une politique v\u00e9lo ambitieuse.<\/p>\n<p>La collectif a ainsi travaill\u00e9 en coop\u00e9ration avec la FUB \u00e0 <strong>l&rsquo;\u00e9laboration de ce questionnaire pour les candidats de la r\u00e9gion des Pays de la Loire<\/strong>, ainsi qu&rsquo;\u00e0 sa <strong>diffusion aupr\u00e8s des candidats du territoire<\/strong>. <strong>Plusieurs axes de travail<\/strong> ont ainsi \u00e9t\u00e9 <strong>d\u00e9finis, par le collectif v\u00e9lo Pays de la Loire<\/strong> en coop\u00e9ration avec la FUB, pour un mandat r\u00e9gional \u0153uvrant pour une politique v\u00e9lo ambitieuse.<br \/>\n<a href=\"https:\/\/drive.google.com\/file\/d\/1JM3hJomcl9-Yjy2TLxs_R8db-xSTeoCq\/view?usp=sharing\">Les axes de travail d\u00e9finis par le Collectit V\u00e9lo Pays de la Loire pour faire gagner le v\u00e9lo en r\u00e9gion.<\/a><\/p>\n<p>Retrouvez <a href=\"https:\/\/elections.parlons-velo.fr\/2021\/regionales\/candidat\/R52\/ebd667b4-e866-43a8-a214-778fe32ac0f2\">ici<\/a> les r\u00e9ponses des listes candidates \u00e0 cette \u00e9lection.<\/p>\n<h4><span class=\"ez-toc-section\" id=\"_2_Parlons_velo_departementales_2021_interrogation_des_candidats_quant_a_leur_engagement_en_faveur_des_politiques_cyclables\"><\/span><strong>\u00a0 \u00a0 \u00a0 \u00a0 \u00a0 2. Parlons v\u00e9lo d\u00e9partementales 2021 : interrogation des candidats quant \u00e0 leur engagement en faveur des politiques cyclables<\/strong><span class=\"ez-toc-section-end\"><\/span><\/h4>\n<p>De la m\u00eame mani\u00e8re que pour les \u00e9lections r\u00e9gionales, lors de la derni\u00e8re \u00e9lection d\u00e9partementale de 2021, la plateforme \u00ab<a href=\"https:\/\/www.parlons-velo.fr\/\"> Parlons V\u00e9lo 2021<\/a> \u00bb a \u00e9t\u00e9 lanc\u00e9e par la FUB, V\u00e9lo &amp; Territoires avec le soutien du Club des villes et territoires cyclables, et l\u2019Union Sport et Cycle.<br \/>\n\u00c0 travers un questionnaire en ligne, cet <a href=\"https:\/\/www.velo-territoires.org\/wp-content\/uploads\/2021\/05\/Livre-blanc-Dpartements-avec-infographie.pdf\">outil <\/a>a permis d\u2019interroger les candidats \u00e0 l&rsquo;\u00e9lection quant \u00e0 leur engagement en faveur des politiques cyclables.<br \/>\n<strong>Plusieurs axes de travail<\/strong> ont ainsi \u00e9t\u00e9 <strong>d\u00e9finis, par le collectif v\u00e9lo Pays de la Loire<\/strong> en coop\u00e9ration avec la FUB, pour un mandat d\u00e9partemental \u0153uvrant pour une politique v\u00e9lo ambitieuse.<\/p>\n<p><a href=\"https:\/\/drive.google.com\/file\/d\/1cihbh3zpb59CqJd7zuJNlrxBIYA-iRCI\/view?usp=sharing\">Les axes de travail d\u00e9finis par les Collectif V\u00e9lo Pays de la Loire pour faire gagner le v\u00e9lo dans les d\u00e9partements de la r\u00e9gion <\/a><\/p>\n","protected":false},"excerpt":{"rendered":"<p>1. Parlons v\u00e9lo r\u00e9gionales 2021: interrogation des candidats quant \u00e0 leur engagement en faveur des politiques cyclables Lors de la derni\u00e8re \u00e9lection r\u00e9gionale de 2021, la plateforme \u00ab Parlons V\u00e9lo [&hellip;]<\/p>\n","protected":false},"author":6,"featured_media":0,"parent":0,"menu_order":0,"comment_status":"closed","ping_status":"closed","template":"","meta":{"footnotes":""},"class_list":["post-3461","page","type-page","status-publish","hentry"],"_links":{"self":[{"href":"https:\/\/velo-pdl.fr\/index.php\/wp-json\/wp\/v2\/pages\/3461","targetHints":{"allow":["GET"]}}],"collection":[{"href":"https:\/\/velo-pdl.fr\/index.php\/wp-json\/wp\/v2\/pages"}],"about":[{"href":"https:\/\/velo-pdl.fr\/index.php\/wp-json\/wp\/v2\/types\/page"}],"author":[{"embeddable":true,"href":"https:\/\/velo-pdl.fr\/index.php\/wp-json\/wp\/v2\/users\/6"}],"replies":[{"embeddable":true,"href":"https:\/\/velo-pdl.fr\/index.php\/wp-json\/wp\/v2\/comments?post=3461"}],"version-history":[{"count":4,"href":"https:\/\/velo-pdl.fr\/index.php\/wp-json\/wp\/v2\/pages\/3461\/revisions"}],"predecessor-version":[{"id":3482,"href":"https:\/\/velo-pdl.fr\/index.php\/wp-json\/wp\/v2\/pages\/3461\/revisions\/3482"}],"wp:attachment":[{"href":"https:\/\/velo-pdl.fr\/index.php\/wp-json\/wp\/v2\/media?parent=3461"}],"curies":[{"name":"wp","href":"https:\/\/api.w.org\/{rel}","templated":true}]}}