{"id":3459,"date":"2025-02-14T14:30:28","date_gmt":"2025-02-14T13:30:28","guid":{"rendered":"https:\/\/velo-pdl.fr\/?page_id=3459"},"modified":"2025-03-20T16:15:31","modified_gmt":"2025-03-20T15:15:31","slug":"le-velo-dans-les-ecoles","status":"publish","type":"page","link":"https:\/\/velo-pdl.fr\/index.php\/le-velo-dans-les-ecoles\/","title":{"rendered":"Le v\u00e9lo dans les \u00e9coles"},"content":{"rendered":"<p>! Page en cours de construction !<\/p>\n<h4><strong>D\u00e9fi mobilit\u00e9 Pays de la Loire<\/strong><\/h4>\n<p>Le <a href=\"https:\/\/www.defimobilite-paysdelaloire.fr\/\">D\u00e9fi Mobilit\u00e9<\/a> est port\u00e9 par l&rsquo;association <a href=\"http:\/\/alisee.org\/\">Alis\u00e9e,<\/a> il a pour objectif de faire d\u00e9couvrir \u00e0 toutes les personnes fr\u00e9quentant le milieu scolaire de la r\u00e9gion des <strong>modes de d\u00e9placements moins \u00e9metteurs en CO<sub>2<\/sub><\/strong> : marche, v\u00e9lo, trottinette, train, bus, car, covoiturage.<br \/>\nAinsi, personnels enseignants, personnels p\u00e9dagogiques et \u00e9l\u00e8ves se mobilisent tous durant une semaine pour privil\u00e9gier des modes de d\u00e9placements alternatifs \u00e0 la voiture individuelle.<br \/>\nChaque ann\u00e9e, le collectif participe \u00e0 la diffusion du d\u00e9fi mobilit\u00e9, incite ses associations membres \u00e0 participer activement \u00e0 la diffusion. Les associations peuvent \u00e9galement intervenir aupr\u00e8s des \u00e9tablissements inscrits pour les aider \u00e0 pr\u00e9parer le d\u00e9fi et augmenter la participation \u00e0 v\u00e9lo.<\/p>\n<p><strong>Cette ann\u00e9e le d\u00e9fi mobilit\u00e9 aura lieu du 19 au 25 mai.<\/strong><\/p>\n<p><a href=\"https:\/\/www.defimobilite-paysdelaloire.fr\/fr\/\">D\u00e9fi mobilit\u00e9 2025 en Pays de la Loire<\/a><br \/>\n<a href=\"https:\/\/drive.google.com\/file\/d\/1yvQgRIioB1SQVH5V4DVOQHIFHiFDoYm9\/view\">Pr\u00e9sentation du D\u00e9fi mobilit\u00e9 2022<\/a><\/p>\n","protected":false},"excerpt":{"rendered":"<p>! Page en cours de construction ! D\u00e9fi mobilit\u00e9 Pays de la Loire Le D\u00e9fi Mobilit\u00e9 est port\u00e9 par l&rsquo;association Alis\u00e9e, il a pour objectif de faire d\u00e9couvrir \u00e0 toutes [&hellip;]<\/p>\n","protected":false},"author":6,"featured_media":0,"parent":0,"menu_order":0,"comment_status":"closed","ping_status":"closed","template":"","meta":{"footnotes":""},"class_list":["post-3459","page","type-page","status-publish","hentry"],"_links":{"self":[{"href":"https:\/\/velo-pdl.fr\/index.php\/wp-json\/wp\/v2\/pages\/3459","targetHints":{"allow":["GET"]}}],"collection":[{"href":"https:\/\/velo-pdl.fr\/index.php\/wp-json\/wp\/v2\/pages"}],"about":[{"href":"https:\/\/velo-pdl.fr\/index.php\/wp-json\/wp\/v2\/types\/page"}],"author":[{"embeddable":true,"href":"https:\/\/velo-pdl.fr\/index.php\/wp-json\/wp\/v2\/users\/6"}],"replies":[{"embeddable":true,"href":"https:\/\/velo-pdl.fr\/index.php\/wp-json\/wp\/v2\/comments?post=3459"}],"version-history":[{"count":6,"href":"https:\/\/velo-pdl.fr\/index.php\/wp-json\/wp\/v2\/pages\/3459\/revisions"}],"predecessor-version":[{"id":3871,"href":"https:\/\/velo-pdl.fr\/index.php\/wp-json\/wp\/v2\/pages\/3459\/revisions\/3871"}],"wp:attachment":[{"href":"https:\/\/velo-pdl.fr\/index.php\/wp-json\/wp\/v2\/media?parent=3459"}],"curies":[{"name":"wp","href":"https:\/\/api.w.org\/{rel}","templated":true}]}}