{"id":3437,"date":"2025-02-13T14:52:40","date_gmt":"2025-02-13T13:52:40","guid":{"rendered":"https:\/\/velo-pdl.fr\/?page_id=3437"},"modified":"2025-02-13T14:57:19","modified_gmt":"2025-02-13T13:57:19","slug":"nous-contacter","status":"publish","type":"page","link":"https:\/\/velo-pdl.fr\/index.php\/nous-contacter\/","title":{"rendered":"Nous contacter"},"content":{"rendered":"<p>N\u2019h\u00e9sitez pas \u00e0 contacter l&rsquo;\u00e9quipe salari\u00e9e \u00e0 l\u2019adresse suivante pour toute question, ou demande de prise de contact : <strong>contact@velo-pdl.fr<br \/>\n<\/strong><br \/>\nPour toute question aupr\u00e8s de la co-pr\u00e9sidence du collectif : <strong>presidence@velo-pdl.fr<\/strong><\/p>\n","protected":false},"excerpt":{"rendered":"<p>N\u2019h\u00e9sitez pas \u00e0 contacter l&rsquo;\u00e9quipe salari\u00e9e \u00e0 l\u2019adresse suivante pour toute question, ou demande de prise de contact : contact@velo-pdl.fr Pour toute question aupr\u00e8s de la co-pr\u00e9sidence du collectif : [&hellip;]<\/p>\n","protected":false},"author":6,"featured_media":0,"parent":0,"menu_order":0,"comment_status":"closed","ping_status":"closed","template":"","meta":{"footnotes":""},"class_list":["post-3437","page","type-page","status-publish","hentry"],"_links":{"self":[{"href":"https:\/\/velo-pdl.fr\/index.php\/wp-json\/wp\/v2\/pages\/3437","targetHints":{"allow":["GET"]}}],"collection":[{"href":"https:\/\/velo-pdl.fr\/index.php\/wp-json\/wp\/v2\/pages"}],"about":[{"href":"https:\/\/velo-pdl.fr\/index.php\/wp-json\/wp\/v2\/types\/page"}],"author":[{"embeddable":true,"href":"https:\/\/velo-pdl.fr\/index.php\/wp-json\/wp\/v2\/users\/6"}],"replies":[{"embeddable":true,"href":"https:\/\/velo-pdl.fr\/index.php\/wp-json\/wp\/v2\/comments?post=3437"}],"version-history":[{"count":1,"href":"https:\/\/velo-pdl.fr\/index.php\/wp-json\/wp\/v2\/pages\/3437\/revisions"}],"predecessor-version":[{"id":3438,"href":"https:\/\/velo-pdl.fr\/index.php\/wp-json\/wp\/v2\/pages\/3437\/revisions\/3438"}],"wp:attachment":[{"href":"https:\/\/velo-pdl.fr\/index.php\/wp-json\/wp\/v2\/media?parent=3437"}],"curies":[{"name":"wp","href":"https:\/\/api.w.org\/{rel}","templated":true}]}}