{"id":3401,"date":"2025-02-13T11:31:06","date_gmt":"2025-02-13T10:31:06","guid":{"rendered":"https:\/\/velo-pdl.fr\/?page_id=3401"},"modified":"2025-02-14T18:01:49","modified_gmt":"2025-02-14T17:01:49","slug":"sinscrire-a-la-newsletter-du-collectif","status":"publish","type":"page","link":"https:\/\/velo-pdl.fr\/index.php\/sinscrire-a-la-newsletter-du-collectif\/","title":{"rendered":"S&rsquo;inscrire \u00e0 la newsletter du collectif"},"content":{"rendered":"<p><strong>Vous \u00eates une collectivit\u00e9 en Pays de la Loire ?\u00a0<\/strong><\/p>\n<p>Inscrivez vous \u00e0 la newsletter des collectivit\u00e9s en utilisant le formulaire ci-dessous<\/p>\n<p><iframe loading=\"lazy\" width=\"1080\" height=\"610\" src=\"https:\/\/878504e1.sibforms.com\/serve\/MUIFAIeuOsZX91my8PH9BdIKQzThXE2SD1hpm2QaJBMpWOee9bkZyNoA1krITTzUebYvXrsqadFQdMX4VAQHILSTqtL7T8Z2tRUVDOylkEgDgM61Cx4kRWcDuRhMcOgKZyjVuswxAm0ldkj7f1ZFYbMMjE3twS6wLVIUMlUZp98Gk0cYxlFbhRodW9uCCMQRywE8lNZi0QWSYmr4\" frameborder=\"0\" scrolling=\"auto\" allowfullscreen style=\"display: block;margin-left: auto;margin-right: auto;max-width: 100%;\"><\/iframe><br \/>\nVous trouverez dans cette newsletter les actus v\u00e9lo susceptibles de vous int\u00e9resser : relai d&rsquo;appels \u00e0 projets, campagnes en cours, les outils du collectif \u00e0 destination des collectivit\u00e9s &amp; des exemples de collectivit\u00e9s inspirantes en Pays de la Loire.<\/p>\n","protected":false},"excerpt":{"rendered":"<p>Vous \u00eates une collectivit\u00e9 en Pays de la Loire ?\u00a0 Inscrivez vous \u00e0 la newsletter des collectivit\u00e9s en utilisant le formulaire ci-dessous Vous trouverez dans cette newsletter les actus v\u00e9lo [&hellip;]<\/p>\n","protected":false},"author":6,"featured_media":0,"parent":0,"menu_order":0,"comment_status":"closed","ping_status":"closed","template":"","meta":{"footnotes":""},"class_list":["post-3401","page","type-page","status-publish","hentry"],"_links":{"self":[{"href":"https:\/\/velo-pdl.fr\/index.php\/wp-json\/wp\/v2\/pages\/3401","targetHints":{"allow":["GET"]}}],"collection":[{"href":"https:\/\/velo-pdl.fr\/index.php\/wp-json\/wp\/v2\/pages"}],"about":[{"href":"https:\/\/velo-pdl.fr\/index.php\/wp-json\/wp\/v2\/types\/page"}],"author":[{"embeddable":true,"href":"https:\/\/velo-pdl.fr\/index.php\/wp-json\/wp\/v2\/users\/6"}],"replies":[{"embeddable":true,"href":"https:\/\/velo-pdl.fr\/index.php\/wp-json\/wp\/v2\/comments?post=3401"}],"version-history":[{"count":8,"href":"https:\/\/velo-pdl.fr\/index.php\/wp-json\/wp\/v2\/pages\/3401\/revisions"}],"predecessor-version":[{"id":3570,"href":"https:\/\/velo-pdl.fr\/index.php\/wp-json\/wp\/v2\/pages\/3401\/revisions\/3570"}],"wp:attachment":[{"href":"https:\/\/velo-pdl.fr\/index.php\/wp-json\/wp\/v2\/media?parent=3401"}],"curies":[{"name":"wp","href":"https:\/\/api.w.org\/{rel}","templated":true}]}}