{"id":2428,"date":"2024-05-31T15:40:09","date_gmt":"2024-05-31T13:40:09","guid":{"rendered":"https:\/\/velo-pdl.fr\/?page_id=2428"},"modified":"2024-09-09T16:35:30","modified_gmt":"2024-09-09T14:35:30","slug":"ressources","status":"publish","type":"page","link":"https:\/\/velo-pdl.fr\/index.php\/ressources\/","title":{"rendered":"Ressources"},"content":{"rendered":"<div id=\"ez-toc-container\" class=\"ez-toc-v2_0_82_2 counter-hierarchy ez-toc-counter ez-toc-grey ez-toc-container-direction\">\n<div class=\"ez-toc-title-container\">\n<p class=\"ez-toc-title\" style=\"cursor:inherit\">Table des mati\u00e8res<\/p>\n<span class=\"ez-toc-title-toggle\"><a href=\"#\" class=\"ez-toc-pull-right ez-toc-btn ez-toc-btn-xs ez-toc-btn-default ez-toc-toggle\" aria-label=\"Toggle Table of Content\"><span class=\"ez-toc-js-icon-con\"><span class=\"\"><span class=\"eztoc-hide\" style=\"display:none;\">Toggle<\/span><span class=\"ez-toc-icon-toggle-span\"><svg style=\"fill: #999;color:#999\" xmlns=\"http:\/\/www.w3.org\/2000\/svg\" class=\"list-377408\" width=\"20px\" height=\"20px\" viewBox=\"0 0 24 24\" fill=\"none\"><path d=\"M6 6H4v2h2V6zm14 0H8v2h12V6zM4 11h2v2H4v-2zm16 0H8v2h12v-2zM4 16h2v2H4v-2zm16 0H8v2h12v-2z\" fill=\"currentColor\"><\/path><\/svg><svg style=\"fill: #999;color:#999\" class=\"arrow-unsorted-368013\" xmlns=\"http:\/\/www.w3.org\/2000\/svg\" width=\"10px\" height=\"10px\" viewBox=\"0 0 24 24\" version=\"1.2\" baseProfile=\"tiny\"><path d=\"M18.2 9.3l-6.2-6.3-6.2 6.3c-.2.2-.3.4-.3.7s.1.5.3.7c.2.2.4.3.7.3h11c.3 0 .5-.1.7-.3.2-.2.3-.5.3-.7s-.1-.5-.3-.7zM5.8 14.7l6.2 6.3 6.2-6.3c.2-.2.3-.5.3-.7s-.1-.5-.3-.7c-.2-.2-.4-.3-.7-.3h-11c-.3 0-.5.1-.7.3-.2.2-.3.5-.3.7s.1.5.3.7z\"\/><\/svg><\/span><\/span><\/span><\/a><\/span><\/div>\n<nav><ul class='ez-toc-list ez-toc-list-level-1 ' ><li class='ez-toc-page-1 ez-toc-heading-level-3'><a class=\"ez-toc-link ez-toc-heading-1\" href=\"https:\/\/velo-pdl.fr\/index.php\/ressources\/#Ressources_sur_la_thematique_velo\" >Ressources sur la th\u00e9matique v\u00e9lo :<\/a><\/li><li class='ez-toc-page-1 ez-toc-heading-level-3'><a class=\"ez-toc-link ez-toc-heading-2\" href=\"https:\/\/velo-pdl.fr\/index.php\/ressources\/#Ressources_sur_la_thematique_associative\" >Ressources sur la th\u00e9matique associative:<\/a><\/li><li class='ez-toc-page-1 ez-toc-heading-level-3'><a class=\"ez-toc-link ez-toc-heading-3\" href=\"https:\/\/velo-pdl.fr\/index.php\/ressources\/#Ressources_sur_la_thematique_transition_ecologique\" >Ressources sur la th\u00e9matique transition \u00e9cologique :\u00a0<\/a><ul class='ez-toc-list-level-4' ><li class='ez-toc-heading-level-4'><a class=\"ez-toc-link ez-toc-heading-4\" href=\"https:\/\/velo-pdl.fr\/index.php\/ressources\/#Vous_etes_une_collectivite_Cliquez_ici_pour_plus_de_ressources\" >Vous \u00eates une collectivit\u00e9 ?\u00a0 Cliquez ici pour plus de ressources<\/a><\/li><li class='ez-toc-page-1 ez-toc-heading-level-4'><a class=\"ez-toc-link ez-toc-heading-5\" href=\"https:\/\/velo-pdl.fr\/index.php\/ressources\/#Vous_etes_une_association_membre_du_collectif_et_vous_avez_besoin_de_ressources_specifiques_Contactez_nous\" >Vous \u00eates une association membre du collectif et vous avez besoin de ressources sp\u00e9cifiques ?\u00a0Contactez nous !\u00a0<\/a><\/li><\/ul><\/li><\/ul><\/nav><\/div>\n<h3><span class=\"ez-toc-section\" id=\"Ressources_sur_la_thematique_velo\"><\/span><strong>Ressources sur la th\u00e9matique v\u00e9lo :<\/strong><span class=\"ez-toc-section-end\"><\/span><\/h3>\n<p>FUB : <a href=\"https:\/\/www.fub.fr\/ressources\">https:\/\/www.fub.fr\/ressources\u00a0<\/a><br \/>\nV\u00e9lo &amp; Territoires : <a href=\"https:\/\/www.velo-territoires.org\/\">https:\/\/www.velo-territoires.org\/<\/a><br \/>\nClub des villes &amp; territoires cyclables et marchables : <a href=\"https:\/\/villes-cyclables.org\/\">https:\/\/villes-cyclables.org\/<\/a><br \/>\nCEREMA : <a href=\"https:\/\/www.cerema.fr\/fr\/activites\/mobilites\/velomarche-accessibilite\">https:\/\/www.cerema.fr\/fr\/activites\/mobilites\/velomarche-accessibilite\u00a0<\/a><br \/>\nADMA : <a href=\"https:\/\/www.mobilites-actives.fr\/fiches-thematiques\">https:\/\/www.mobilites-actives.fr\/fiches-thematiques <\/a><br \/>\nLa boite \u00e0 outils \u00e0 destination des \u00e9lus par le collectif cycliste 37 :<a href=\"https:\/\/www.cc37.org\/boite-a-outils-du-nouvel-elu-ressources-documentaires-sur-la-mobilite-a-velo\/#La_motilite_ou_aptitude_a_utiliser_un_mode_de_deplacement\">\u00ab\u00a0Boite \u00e0 outils du nouvel \u00e9lu \u00a0\u00bb\u00a0<\/a><br \/>\nLa plateforme des co\u00fbts par le Club des villes &amp; territoires cyclables et marchables : <a href=\"https:\/\/villes-cyclables.org\/ressources\/la-plateforme-des-couts\/les-couts\/concevoir-et-mettre-en-oeuvre\">https:\/\/villes-cyclables.org\/ressources\/la-plateforme-des-couts\/les-couts\/concevoir-et-mettre-en-oeuvre<\/a><\/p>\n<h3><span class=\"ez-toc-section\" id=\"Ressources_sur_la_thematique_associative\"><\/span><strong>Ressources sur la th\u00e9matique associative:<\/strong><span class=\"ez-toc-section-end\"><\/span><\/h3>\n<p>Le mouvement associatif:\u00a0 <a href=\"https:\/\/lemouvementassociatif.org\/\">https:\/\/lemouvementassociatif.org\/<\/a><br \/>\n&gt; Le mouvement associatif Pays de la Loire : <a href=\"https:\/\/lmahdf.org\/\">https:\/\/lmahdf.org\/<\/a><br \/>\n&gt;\u00a0 Le mouvement associatif Hauts de France : <a href=\"https:\/\/lemouvementassociatif-pdl.org\/\">https:\/\/lemouvementassociatif-pdl.org\/<\/a><br \/>\nLe collectif des associations citoyennes :<a href=\"https:\/\/www.associations-citoyennes.net\/\"> https:\/\/www.associations-citoyennes.net\/<\/a><\/p>\n<h3><span class=\"ez-toc-section\" id=\"Ressources_sur_la_thematique_transition_ecologique\"><\/span><strong>Ressources sur la th\u00e9matique transition \u00e9cologique :\u00a0<\/strong><span class=\"ez-toc-section-end\"><\/span><\/h3>\n<p>Transition \u00e9cologique observatoire : <a href=\"https:\/\/teo-paysdelaloire.fr\/\">https:\/\/teo-paysdelaloire.fr\/<\/a><br \/>\nAir Pays de la Loire : <a href=\"https:\/\/www.airpl.org\/\">https:\/\/www.airpl.org\/<\/a><br \/>\nCEREMA :<a href=\"https:\/\/www.cerema.fr\/fr\/activites\/environnement-risques\/biodiversite-amenagement\"> https:\/\/www.cerema.fr\/fr\/activites\/environnement-risques\/biodiversite-amenagement<\/a><\/p>\n<p>__________________________________________________________________________________________________________________________________________________________________________________________________________<\/p>\n<ul>\n<li>\n<h4><span class=\"ez-toc-section\" id=\"Vous_etes_une_collectivite_Cliquez_ici_pour_plus_de_ressources\"><\/span><strong>Vous \u00eates une collectivit\u00e9 ?\u00a0 <a href=\"https:\/\/velo-pdl.fr\/index.php\/je-suis-une-collectivite\/\">Cliquez <\/a><a href=\"https:\/\/velo-pdl.fr\/index.php\/je-suis-une-collectivite\/\">ici pour plus de ressources<\/a><\/strong><span class=\"ez-toc-section-end\"><\/span><\/h4>\n<\/li>\n<li>\n<h4><span class=\"ez-toc-section\" id=\"Vous_etes_une_association_membre_du_collectif_et_vous_avez_besoin_de_ressources_specifiques_Contactez_nous\"><\/span><strong>Vous \u00eates une association membre du collectif et vous avez besoin de ressources sp\u00e9cifiques ?\u00a0<a style=\"font-size: 16px;\" href=\"mailto:contact@velo-pdl.fr\">Contactez nous !<\/a><span style=\"font-size: 16px;\">\u00a0<\/span><\/strong><span class=\"ez-toc-section-end\"><\/span><\/h4>\n<\/li>\n<\/ul>\n","protected":false},"excerpt":{"rendered":"<p>Ressources sur la th\u00e9matique v\u00e9lo : FUB : https:\/\/www.fub.fr\/ressources\u00a0 V\u00e9lo &amp; Territoires : https:\/\/www.velo-territoires.org\/ Club des villes &amp; territoires cyclables et marchables : https:\/\/villes-cyclables.org\/ CEREMA : https:\/\/www.cerema.fr\/fr\/activites\/mobilites\/velomarche-accessibilite\u00a0 ADMA : https:\/\/www.mobilites-actives.fr\/fiches-thematiques [&hellip;]<\/p>\n","protected":false},"author":6,"featured_media":0,"parent":0,"menu_order":0,"comment_status":"closed","ping_status":"closed","template":"","meta":{"footnotes":""},"class_list":["post-2428","page","type-page","status-publish","hentry"],"_links":{"self":[{"href":"https:\/\/velo-pdl.fr\/index.php\/wp-json\/wp\/v2\/pages\/2428","targetHints":{"allow":["GET"]}}],"collection":[{"href":"https:\/\/velo-pdl.fr\/index.php\/wp-json\/wp\/v2\/pages"}],"about":[{"href":"https:\/\/velo-pdl.fr\/index.php\/wp-json\/wp\/v2\/types\/page"}],"author":[{"embeddable":true,"href":"https:\/\/velo-pdl.fr\/index.php\/wp-json\/wp\/v2\/users\/6"}],"replies":[{"embeddable":true,"href":"https:\/\/velo-pdl.fr\/index.php\/wp-json\/wp\/v2\/comments?post=2428"}],"version-history":[{"count":9,"href":"https:\/\/velo-pdl.fr\/index.php\/wp-json\/wp\/v2\/pages\/2428\/revisions"}],"predecessor-version":[{"id":2686,"href":"https:\/\/velo-pdl.fr\/index.php\/wp-json\/wp\/v2\/pages\/2428\/revisions\/2686"}],"wp:attachment":[{"href":"https:\/\/velo-pdl.fr\/index.php\/wp-json\/wp\/v2\/media?parent=2428"}],"curies":[{"name":"wp","href":"https:\/\/api.w.org\/{rel}","templated":true}]}}