{"id":1840,"date":"2022-07-06T12:22:19","date_gmt":"2022-07-06T10:22:19","guid":{"rendered":"https:\/\/velo-paysdelaloire.fr\/?page_id=1840"},"modified":"2025-10-17T15:24:22","modified_gmt":"2025-10-17T13:24:22","slug":"soutien-aux-associations-2","status":"publish","type":"page","link":"https:\/\/velo-pdl.fr\/index.php\/soutien-aux-associations-2\/","title":{"rendered":"Soutien aux associations"},"content":{"rendered":"<p>Le collectif organise son activit\u00e9 autour d&rsquo;une mission principale : appuyer et \u00eatre utile \u00e0 ses membres.<\/p>\n<div id=\"ez-toc-container\" class=\"ez-toc-v2_0_80 counter-hierarchy ez-toc-counter ez-toc-grey ez-toc-container-direction\">\n<div class=\"ez-toc-title-container\">\n<p class=\"ez-toc-title\" style=\"cursor:inherit\">Table des mati\u00e8res<\/p>\n<span class=\"ez-toc-title-toggle\"><a href=\"#\" class=\"ez-toc-pull-right ez-toc-btn ez-toc-btn-xs ez-toc-btn-default ez-toc-toggle\" aria-label=\"Toggle Table of Content\"><span class=\"ez-toc-js-icon-con\"><span class=\"\"><span class=\"eztoc-hide\" style=\"display:none;\">Toggle<\/span><span class=\"ez-toc-icon-toggle-span\"><svg style=\"fill: #999;color:#999\" xmlns=\"http:\/\/www.w3.org\/2000\/svg\" class=\"list-377408\" width=\"20px\" height=\"20px\" viewBox=\"0 0 24 24\" fill=\"none\"><path d=\"M6 6H4v2h2V6zm14 0H8v2h12V6zM4 11h2v2H4v-2zm16 0H8v2h12v-2zM4 16h2v2H4v-2zm16 0H8v2h12v-2z\" fill=\"currentColor\"><\/path><\/svg><svg style=\"fill: #999;color:#999\" class=\"arrow-unsorted-368013\" xmlns=\"http:\/\/www.w3.org\/2000\/svg\" width=\"10px\" height=\"10px\" viewBox=\"0 0 24 24\" version=\"1.2\" baseProfile=\"tiny\"><path d=\"M18.2 9.3l-6.2-6.3-6.2 6.3c-.2.2-.3.4-.3.7s.1.5.3.7c.2.2.4.3.7.3h11c.3 0 .5-.1.7-.3.2-.2.3-.5.3-.7s-.1-.5-.3-.7zM5.8 14.7l6.2 6.3 6.2-6.3c.2-.2.3-.5.3-.7s-.1-.5-.3-.7c-.2-.2-.4-.3-.7-.3h-11c-.3 0-.5.1-.7.3-.2.2-.3.5-.3.7s.1.5.3.7z\"\/><\/svg><\/span><\/span><\/span><\/a><\/span><\/div>\n<nav><ul class='ez-toc-list ez-toc-list-level-1 ' ><li class='ez-toc-page-1 ez-toc-heading-level-2'><a class=\"ez-toc-link ez-toc-heading-1\" href=\"https:\/\/velo-pdl.fr\/index.php\/soutien-aux-associations-2\/#Accompagnements_individuels_des_associations\" >Accompagnements individuels des associations<\/a><\/li><li class='ez-toc-page-1 ez-toc-heading-level-2'><a class=\"ez-toc-link ez-toc-heading-2\" href=\"https:\/\/velo-pdl.fr\/index.php\/soutien-aux-associations-2\/#Des_outils_au_service_des_associations\" >Des outils au service des associations<\/a><\/li><li class='ez-toc-page-1 ez-toc-heading-level-2'><a class=\"ez-toc-link ez-toc-heading-3\" href=\"https:\/\/velo-pdl.fr\/index.php\/soutien-aux-associations-2\/#Des_RDV_reguliers_au_service_de_la_co-construction\" >Des RDV r\u00e9guliers au service de la co-construction<\/a><\/li><li class='ez-toc-page-1 ez-toc-heading-level-2'><a class=\"ez-toc-link ez-toc-heading-4\" href=\"https:\/\/velo-pdl.fr\/index.php\/soutien-aux-associations-2\/#Les_formations_IMV\" >Les formations IMV<\/a><\/li><\/ul><\/nav><\/div>\n<h2><span class=\"ez-toc-section\" id=\"Accompagnements_individuels_des_associations\"><\/span><strong>Accompagnements individuels des associations<\/strong><span class=\"ez-toc-section-end\"><\/span><\/h2>\n<p>L\u2019accompagnement des associations membres se structure dans le transfert de comp\u00e9tences et d&rsquo;informations permettant de d\u00e9velopper leurs projets et activit\u00e9s, de travailler sur la structuration de l\u2019association (gouvernance, mod\u00e8les \u00e9conomiques, etc) et d\u2019accompagner leur int\u00e9gration dans l&rsquo;\u00e9laboration des politiques publiques.<br \/>\nAinsi le collectif propose des formations collectives sous la forme de webinaires d\u2019animations et des accompagnements individuels \u00e0 distance ou en d\u00e9placement (+ 1 d\u00e9placement par mois).<\/p>\n<h2><span class=\"ez-toc-section\" id=\"Des_outils_au_service_des_associations\"><\/span><strong>Des outils au service des associations<\/strong><span class=\"ez-toc-section-end\"><\/span><\/h2>\n<p>Le collectif favorise la mutualisation des outils inter-assos et r\u00e9alise un travail de veille sur les actualit\u00e9s et ressources utiles.<br \/>\nCes ressources sont mises \u00e0 disposition des associations via un drive.<\/p>\n<p>Le collectif d\u00e9veloppe \u00e9galement ses propres outils \u00e0 destination de ses membres :<br \/>\n&#8211; Fiches techniques : comment communiquer avec les entreprises, l\u2019int\u00e9r\u00eat de l\u2019expertise citoyenne pour les politiques cyclables, prise en compte des cyclistes lors de chantier, etc.<br \/>\n&#8211; Mallette p\u00e9dagogique pour les lyc\u00e9es : travail en cours afin de produire un kit d\u2019intervention permettant d\u2019agir dans les lyc\u00e9es, dans un objectif de rattrapage g\u00e9n\u00e9rationnel pour les jeunes n\u2019ayant pas eu acc\u00e8s \u00e0 l\u2019enseignement du savoir rouler \u00e0 v\u00e9lo (SRAV).<br \/>\n&#8211; Outils de communication : flyer type pour les associations, fiche sur les droits d\u2019auteurs et droits \u00e0 l\u2019image, etc<\/p>\n<p>Des actions de communications permettent de valoriser les associations membres : diffusion trimestrielle de l\u2019annuaire, programme r\u00e9gional \u00ab Mai \u00e0 v\u00e9lo \u00bb, promotion du d\u00e9fi mobilit\u00e9 Pays de la Loire, \u2026<\/p>\n<h2><span class=\"ez-toc-section\" id=\"Des_RDV_reguliers_au_service_de_la_co-construction\"><\/span><strong>Des RDV r\u00e9guliers au service de la co-construction<\/strong><span class=\"ez-toc-section-end\"><\/span><\/h2>\n<p>Une newsletter bi-mensuelle est envoy\u00e9e aux membres.<br \/>\nSon but est d&rsquo;informer, d\u00e9crypter, et d&rsquo;outiller, pour que toutes les associations, quel que soit leur stade de d\u00e9veloppement, puissent trouver des informations qui leurs soient utiles.<\/p>\n<p>Des webinaires sont \u00e9galement propos\u00e9s tous les mois et demi environ.<br \/>\nL\u2019objectif est de pouvoir \u00e9changer sur diff\u00e9rents points, notamment :<br \/>\n&#8211; Avancement des actions communes au CVPDL,<br \/>\n&#8211; Coordination pour pr\u00e9parer collectivement les \u00e9ch\u00e9ances \u00e0 venir,<br \/>\n&#8211; D\u00e9cryptage et mise \u00e0 disposition d\u2019outil concernant les actualit\u00e9s ou programmes nationaux,<br \/>\n&#8211; R\u00e9ponses aux questions du moment, mise en commun sur des probl\u00e9matiques partag\u00e9es, \u2026<\/p>\n<h2><span class=\"ez-toc-section\" id=\"Les_formations_IMV\"><\/span><strong>Les formations IMV<\/strong><span class=\"ez-toc-section-end\"><\/span><\/h2>\n<p>Pour les personnes salari\u00e9es et les b\u00e9n\u00e9voles, la formation IMV permet d\u2019acqu\u00e9rir les comp\u00e9tences d\u2019accueil, d\u2019initiation, d\u2019accompagnement et de conseil aupr\u00e8s de diff\u00e9rents publics dans leurs d\u00e9placements \u00e0 v\u00e9lo.<\/p>\n<p>Pour les associations membres du collectif, le collectif prend en charge les frais p\u00e9dagogiques des personnes souhaitant suivre la formation, sous certaines conditions, lorsque la formation a lieu en Pays de la Loire.<\/p>\n<p>Les crit\u00e8res pour pr\u00e9tendre \u00e0 une prise en charge sont les suivants, notamment lorsqu&rsquo;un arbitrage est n\u00e9cessaire entre plusieurs candidatures :<\/p>\n<ul>\n<li>Pertinence dans le projet de l\u2019association qui pr\u00e9sente une personne \u00e0 la formation, notamment en terme de projet d\u2019ouverture ou de relance de v\u00e9lo-\u00e9cole. Il peut \u00eatre demand\u00e9 \u00e0 l\u2019association de motiver son projet et son calendrier.<\/li>\n<li>L\u2019\u00e9quilibre entre les territoires et entre les d\u00e9partements.<\/li>\n<li>L\u2019\u00e9galit\u00e9 entre les associations afin que toutes puissent b\u00e9n\u00e9ficier de cette prise en charge.<\/li>\n<li>L&rsquo;engagement de la personne qui suit la formation, dans l&rsquo;ann\u00e9e suivant la formation, a minima, dans l&rsquo;association membre du collectif.<\/li>\n<li>Le budget que le collectif peut d\u00e9dier \u00e0 ces frais p\u00e9dagogiques.Lorsque cela est possible, la prise en charge peut concerner plusieurs personnes pour la m\u00eame association lors d\u2019une m\u00eame formation ou sur une m\u00eame ann\u00e9e.<\/li>\n<\/ul>\n<p><strong>Modalit\u00e9s de demande de prise en charge des frais p\u00e9dagogiques :<\/strong><\/p>\n<p>Chaque ann\u00e9e, le collectif transmet en d\u00e9but d&rsquo;ann\u00e9e un calendrier de candidatures et de r\u00e9ponse. Au del\u00e0 de cette date, aucun dossier de demande de prise en charge ne sera pris en compte, dans une logique d&rsquo;\u00e9quit\u00e9 entre les structures et de besoin de visibilit\u00e9 sur le budget du collectif.<br \/>\nLa d\u00e9cision est prise par les membres du comit\u00e9 d&rsquo;animation qui ne sont pas concern\u00e9s par une demande de prise en charge ou l&rsquo;accueil d&rsquo;une formation IMV.<br \/>\nLa demande peut se faire par simple mail. Elle doit comporter une rapide explication du projet de l&rsquo;association et du besoin, le lieu et dates choisis pour la formation.<br \/>\nA noter : Chaque demande de prise en charge est rattach\u00e9e \u00e0 une structure qui dispense la formation et a une date de formation (en cas de changement de formation, c&rsquo;est un nouveau dossier de demande de prise en charge qui doit \u00eatre d\u00e9pos\u00e9).<\/p>\n<p><strong>Attention :<\/strong><\/p>\n<p>La demande de prise en charge ne vaut pas inscription \u00e0 la formation. Chaque structure est responsable de ses inscriptions.<br \/>\nmerci de mettre le collectif en copie de votre inscription pour un meilleur suivi.<br \/>\nnous vous demandons de respecter les process d&rsquo;inscription des structures qui dispensent la formation : la prise en charge par le collectif des frais p\u00e9dagogiques n&rsquo;exon\u00e8re pas du respect des proc\u00e9dures.<br \/>\nl&rsquo;organisation d&rsquo;une formation est lourde et les structures ont besoin de visibilit\u00e9, notamment pour assurer un minimum d&rsquo;inscriptions n\u00e9cessaire \u00e0 l&rsquo;\u00e9quilibre budg\u00e9taire et au paiement des salaires. Nous vous demandons de ne vous inscrire que lorsque vous \u00eates s\u00fbrs de votre disponibilit\u00e9. Une fois votre inscription et la prise en charge des frais p\u00e9dagogiques valid\u00e9s, il n&rsquo;est plus possible de changer de lieux et dates de formation. En raison de pr\u00e9-r\u00e9servations nombreuses et non honor\u00e9es, le collectif ne prend plus de place en pr\u00e9-r\u00e9servation.<\/p>\n<p>\ud83d\udea8 Dates des prochaines formations IMV en Pays de la Loire \ud83d\udea8<\/p>\n<p><strong>17 au 21 novembre 2025<\/strong> au local de l\u2019association PAV <strong>Nantes<br \/>\n<\/strong><a href=\"https:\/\/placeauvelo-nantes.fr\/formation-initiateur-trice-mobilite-a-velo\/\">Plus d&rsquo;infos sur le site de PAV Nantes<\/a><\/p>\n","protected":false},"excerpt":{"rendered":"<p>Le collectif organise son activit\u00e9 autour d&rsquo;une mission principale : appuyer et \u00eatre utile \u00e0 ses membres. Accompagnements individuels des associations L\u2019accompagnement des associations membres se structure dans le transfert [&hellip;]<\/p>\n","protected":false},"author":4,"featured_media":0,"parent":0,"menu_order":0,"comment_status":"closed","ping_status":"closed","template":"","meta":{"footnotes":""},"class_list":["post-1840","page","type-page","status-publish","hentry"],"_links":{"self":[{"href":"https:\/\/velo-pdl.fr\/index.php\/wp-json\/wp\/v2\/pages\/1840","targetHints":{"allow":["GET"]}}],"collection":[{"href":"https:\/\/velo-pdl.fr\/index.php\/wp-json\/wp\/v2\/pages"}],"about":[{"href":"https:\/\/velo-pdl.fr\/index.php\/wp-json\/wp\/v2\/types\/page"}],"author":[{"embeddable":true,"href":"https:\/\/velo-pdl.fr\/index.php\/wp-json\/wp\/v2\/users\/4"}],"replies":[{"embeddable":true,"href":"https:\/\/velo-pdl.fr\/index.php\/wp-json\/wp\/v2\/comments?post=1840"}],"version-history":[{"count":5,"href":"https:\/\/velo-pdl.fr\/index.php\/wp-json\/wp\/v2\/pages\/1840\/revisions"}],"predecessor-version":[{"id":4238,"href":"https:\/\/velo-pdl.fr\/index.php\/wp-json\/wp\/v2\/pages\/1840\/revisions\/4238"}],"wp:attachment":[{"href":"https:\/\/velo-pdl.fr\/index.php\/wp-json\/wp\/v2\/media?parent=1840"}],"curies":[{"name":"wp","href":"https:\/\/api.w.org\/{rel}","templated":true}]}}