{"id":1559,"date":"2022-06-21T15:23:16","date_gmt":"2022-06-21T13:23:16","guid":{"rendered":"https:\/\/velo-paysdelaloire.fr\/?page_id=1559"},"modified":"2025-04-23T15:20:24","modified_gmt":"2025-04-23T13:20:24","slug":"je-suis-une-association","status":"publish","type":"page","link":"https:\/\/velo-pdl.fr\/index.php\/je-suis-une-association\/","title":{"rendered":"Je suis une association"},"content":{"rendered":"<p>Vous \u00eates une association bas\u00e9e en Pays de la Loire qui \u0153uvre pour le d\u00e9veloppement du v\u00e9lo comme moyen de transport du quotidien ? Vous pouvez rejoindre le Collectif V\u00e9lo Pays de la Loire ! <\/p>\n<h3 id=\"faq-rejoindre-le-collectif\" class=\"arconix-faq-term-title arconix-faq-term-rejoindre-le-collectif\">Rejoindre le Collectif<\/h3><div class=\"arconix-faq-accordion-wrap\"><div id=\"faq-1492\" class=\"arconix-faq-accordion-title\">Pourquoi rejoindre le Collectif ? \ud83d\udd0e<\/div><div id=\"faq-PourquoirejoindreleCollectif\" class=\"arconix-faq-accordion-content\"><h4>Le Collectif c&rsquo;est :<\/h4>\n<p><strong>Des conseils individuels <\/strong><\/p>\n<p>\ud83d\udc49 Tous les membres du Collectif b\u00e9n\u00e9ficient d&rsquo;un accompagnement individuel selon leur besoin, que ce soit en gestion d&rsquo;asso, de projet, en appui au projet associatif, \u00e0 la strat\u00e9gie, et \u00e0 la recherche de financement en s&rsquo;appuyant sur les exp\u00e9riences des autres associations. L&rsquo;accompagnement peut s&rsquo;effectuer par mail, t\u00e9l\u00e9phone, visio ou sur d\u00e9placement de l&rsquo;\u00e9quipe<\/p>\n<p><strong>Des formations<\/p>\n<p><\/strong>\ud83d\udc49 Des formations d\u00e9di\u00e9es aux membres du Collectif sont r\u00e9guli\u00e8rement propos\u00e9es en webinaire<br \/>\n\ud83d\udc49 Le Collectif fournit des mallettes et des outils li\u00e9s \u00e0 la gestion d&rsquo;asso et aux projets plus sp\u00e9cifiques<\/p>\n<p><strong>Un appui politique et m\u00e9diatique <\/strong><\/p>\n<p>\ud83d\udc49 Le Collectif porte une voix politique \u00e0 l&rsquo;\u00e9chelle d\u00e9partementale et r\u00e9gionale, appuyant le travail des assos. Nous pouvons aussi vous appuyer aupr\u00e8s de vos collectivit\u00e9s<br \/>\n\ud83d\udc49 Le collectif fournit un travail m\u00e9diatique en appui aux assos<\/p>\n<p><strong>Un centre de ressources <\/strong><\/p>\n<p>\ud83d\udc49 Le Collectif a construit un centre de ressources regroupant par th\u00e9matique les supports de formation et les fiches techniques d\u00e9velopp\u00e9s en coop\u00e9ration avec les associations<\/p>\n<p><strong>Une aide dans l&rsquo;organisation d&rsquo;\u00e9v\u00e8nements <\/strong><\/p>\n<p>\ud83d\udc49 Le Collectif peut accompagner vos d\u00e9marches \u00e9v\u00e8nementielles via du conseil personnel et un relai de communication mais aussi gr\u00e2ce \u00e0 la formation \u00ab\u00a0Organiser une f\u00eate du v\u00e9lo\u00a0\u00bb (2,5 jours)<\/p>\n<\/div><div id=\"faq-1543\" class=\"arconix-faq-accordion-title\">Notre boite \u00e0 outil \u00ab\u00a0cr\u00e9er et g\u00e9rer une asso\u00a0\u00bb \ud83d\udd27<\/div><div id=\"faq-Notreboiteoutilcreretgreruneasso\" class=\"arconix-faq-accordion-content\"><p>Pour vous aider \u00e0 la cr\u00e9ation de votre association pro-v\u00e9lo, le collectif V\u00e9lo Pays de la Loire, sur la base du travail men\u00e9 par la FB sur le sujet, a \u00e9labor\u00e9 un guide adapt\u00e9 aux enjeux de notre territoire pour vous donner les outils n\u00e9cessaires \u00e0 la cr\u00e9ation d&rsquo;une association pro-v\u00e9lo.<\/p>\n<p><a href=\"https:\/\/drive.google.com\/file\/d\/19aIQBRcTp25FymWrGZcJBe7CtbriNC3G\/view?usp=sharing\">Guide pour cr\u00e9er et animer une association pro-v\u00e9lo en Pays de la Loire<\/a><\/p>\n<a href=\"https:\/\/velo-pdl.fr\/wp-content\/uploads\/2025\/01\/annuaire-Collectif-Velo-Pays-de-la-Loire-Mis-a-jour.pdf\" class=\"pdfemb-viewer\" style=\"\" data-width=\"max\" data-height=\"max\" data-toolbar=\"bottom\" data-toolbar-fixed=\"off\">annuaire Collectif V\u00e9lo Pays de la Loire \u2013 Mis \u00e0 jour<\/a>\n<\/div><div id=\"faq-1547\" class=\"arconix-faq-accordion-title\">Discutez avec une association pr\u00e8s de chez vous ! \ud83d\udc4b<\/div><div id=\"faq-Discutezavecuneassociationprsdechezvous\" class=\"arconix-faq-accordion-content\"><h4>Consultez la carte pour trouver l&rsquo;association la plus proche de chez vous !<\/h4>\n<p><iframe loading=\"lazy\" src=\"\/\/umap.openstreetmap.fr\/fr\/map\/collectif-velo-pays-de-la-loire_604758?scaleControl=false&amp;miniMap=false&amp;scrollWheelZoom=false&amp;zoomControl=true&amp;allowEdit=false&amp;moreControl=true&amp;searchControl=null&amp;tilelayersControl=null&amp;embedControl=null&amp;datalayersControl=true&amp;onLoadPanel=undefined&amp;captionBar=false#7\/47.417\/-0.703\" width=\"100%\" height=\"350px\" frameborder=\"0\"><span data-mce-type=\"bookmark\" style=\"display: inline-block; width: 0px; overflow: hidden; line-height: 0;\" class=\"mce_SELRES_start\">\ufeff<\/span><\/iframe><\/p>\n<h4>Feuilletez l&rsquo;annuaire des associations et de leurs activit\u00e9s<\/h4>\n<p>Feuilletez l&rsquo;<a href=\"https:\/\/drive.google.com\/file\/d\/15eOOwTNNlHVyK-tGzBkW8IdrzLRESXJx\/view?usp=drive_link\">annuaire du Collectif<\/a> ci-dessous et retrouvez le d\u00e9tail, d\u00e9partement par d\u00e9partement, des actions et contacts des associations membres ou proches du Collectif V\u00e9lo Pays de la Loire.<\/p>\n<a href=\"https:\/\/velo-pdl.fr\/wp-content\/uploads\/2022\/06\/annuaire-Collectif-Velo-Pays-de-la-Loire-Mis-a-jour-1.pdf\" class=\"pdfemb-viewer\" style=\"\" data-width=\"max\" data-height=\"max\" data-toolbar=\"bottom\" data-toolbar-fixed=\"off\">annuaire-Collectif-Velo-Pays-de-la-Loire-Mis-a-jour- (1)<\/a>\n<\/div><div id=\"faq-1521\" class=\"arconix-faq-accordion-title\">Comment rejoindre le Collectif ?  \ud83d\udc49<\/div><div id=\"faq-CommentrejoindreleCollectif\" class=\"arconix-faq-accordion-content\"><p><strong>Qui peut rejoindre le collectif ?\u00a0<\/strong><\/p>\n<p>Les associations bas\u00e9es en Pays de la Loire ayant pour objet principal ou parmi leurs objets la promotion du v\u00e9lo comme moyen de transport au quotidien peuvent rejoindre le collectif.<br \/>\nToutes les adh\u00e9sions sont soumises \u00e0 la validation du comit\u00e9 d&rsquo;animation du Collectif V\u00e9lo Pays de la Loire.<\/p>\n<p><strong>Modalit\u00e9s d&rsquo;adh\u00e9sion<\/strong><\/p>\n<p>L&rsquo;adh\u00e9sion au collectif est gratuite, pour effectuer une demande il convient d&rsquo;adresser au collectif :<br \/>\n&#8211; les statuts de l&rsquo;association qui souhaite adh\u00e9rer au collectif<br \/>\n&#8211; une d\u00e9lib\u00e9ration des instances de l\u2019association qui souhaite rejoindre le Collectif V\u00e9lo Pays de la Loire justifiant de l\u2019adh\u00e9sion, pr\u00e9cisant que l\u2019association a pris connaissance des statuts et d\u00e9signant un ou plusieurs r\u00e9f\u00e9rents vis-\u00e0-vis du collectif.<\/p>\n<p><a href=\"https:\/\/velo-paysdelaloire.fr\/wp-content\/uploads\/2022\/06\/CHARTE-DU-COLLECTIF-VELO-PAYS-DE-LA-LOIRE.pdf\" rel=\"noopener\">Ancienne charte du Collectif disponible ici<\/a><\/p>\n<p>Si vous souhaitez rejoindre le Collectif n&rsquo;h\u00e9sitez pas \u00e0 nous contacter par email : contact@velo-pdl.fr<\/p>\n<\/div><\/div>\n","protected":false},"excerpt":{"rendered":"<p>Vous \u00eates une association bas\u00e9e en Pays de la Loire qui \u0153uvre pour le d\u00e9veloppement du v\u00e9lo comme moyen de transport du quotidien ? Vous pouvez rejoindre le Collectif V\u00e9lo [&hellip;]<\/p>\n","protected":false},"author":1,"featured_media":0,"parent":0,"menu_order":0,"comment_status":"closed","ping_status":"closed","template":"","meta":{"footnotes":""},"class_list":["post-1559","page","type-page","status-publish","hentry"],"_links":{"self":[{"href":"https:\/\/velo-pdl.fr\/index.php\/wp-json\/wp\/v2\/pages\/1559","targetHints":{"allow":["GET"]}}],"collection":[{"href":"https:\/\/velo-pdl.fr\/index.php\/wp-json\/wp\/v2\/pages"}],"about":[{"href":"https:\/\/velo-pdl.fr\/index.php\/wp-json\/wp\/v2\/types\/page"}],"author":[{"embeddable":true,"href":"https:\/\/velo-pdl.fr\/index.php\/wp-json\/wp\/v2\/users\/1"}],"replies":[{"embeddable":true,"href":"https:\/\/velo-pdl.fr\/index.php\/wp-json\/wp\/v2\/comments?post=1559"}],"version-history":[{"count":9,"href":"https:\/\/velo-pdl.fr\/index.php\/wp-json\/wp\/v2\/pages\/1559\/revisions"}],"predecessor-version":[{"id":2340,"href":"https:\/\/velo-pdl.fr\/index.php\/wp-json\/wp\/v2\/pages\/1559\/revisions\/2340"}],"wp:attachment":[{"href":"https:\/\/velo-pdl.fr\/index.php\/wp-json\/wp\/v2\/media?parent=1559"}],"curies":[{"name":"wp","href":"https:\/\/api.w.org\/{rel}","templated":true}]}}