{"id":1555,"date":"2022-06-21T15:18:43","date_gmt":"2022-06-21T13:18:43","guid":{"rendered":"https:\/\/velo-paysdelaloire.fr\/?page_id=1555"},"modified":"2026-01-06T16:53:55","modified_gmt":"2026-01-06T15:53:55","slug":"je-suis-une-collectivite","status":"publish","type":"page","link":"https:\/\/velo-pdl.fr\/index.php\/je-suis-une-collectivite\/","title":{"rendered":"Je suis une collectivit\u00e9"},"content":{"rendered":"<div id=\"ez-toc-container\" class=\"ez-toc-v2_0_80 counter-hierarchy ez-toc-counter ez-toc-grey ez-toc-container-direction\">\n<div class=\"ez-toc-title-container\">\n<p class=\"ez-toc-title\" style=\"cursor:inherit\">Table des mati\u00e8res<\/p>\n<span class=\"ez-toc-title-toggle\"><a href=\"#\" class=\"ez-toc-pull-right ez-toc-btn ez-toc-btn-xs ez-toc-btn-default ez-toc-toggle\" aria-label=\"Toggle Table of Content\"><span class=\"ez-toc-js-icon-con\"><span class=\"\"><span class=\"eztoc-hide\" style=\"display:none;\">Toggle<\/span><span class=\"ez-toc-icon-toggle-span\"><svg style=\"fill: #999;color:#999\" xmlns=\"http:\/\/www.w3.org\/2000\/svg\" class=\"list-377408\" width=\"20px\" height=\"20px\" viewBox=\"0 0 24 24\" fill=\"none\"><path d=\"M6 6H4v2h2V6zm14 0H8v2h12V6zM4 11h2v2H4v-2zm16 0H8v2h12v-2zM4 16h2v2H4v-2zm16 0H8v2h12v-2z\" fill=\"currentColor\"><\/path><\/svg><svg style=\"fill: #999;color:#999\" class=\"arrow-unsorted-368013\" xmlns=\"http:\/\/www.w3.org\/2000\/svg\" width=\"10px\" height=\"10px\" viewBox=\"0 0 24 24\" version=\"1.2\" baseProfile=\"tiny\"><path d=\"M18.2 9.3l-6.2-6.3-6.2 6.3c-.2.2-.3.4-.3.7s.1.5.3.7c.2.2.4.3.7.3h11c.3 0 .5-.1.7-.3.2-.2.3-.5.3-.7s-.1-.5-.3-.7zM5.8 14.7l6.2 6.3 6.2-6.3c.2-.2.3-.5.3-.7s-.1-.5-.3-.7c-.2-.2-.4-.3-.7-.3h-11c-.3 0-.5.1-.7.3-.2.2-.3.5-.3.7s.1.5.3.7z\"\/><\/svg><\/span><\/span><\/span><\/a><\/span><\/div>\n<nav><ul class='ez-toc-list ez-toc-list-level-1 ' ><li class='ez-toc-page-1 ez-toc-heading-level-3'><a class=\"ez-toc-link ez-toc-heading-1\" href=\"https:\/\/velo-pdl.fr\/index.php\/je-suis-une-collectivite\/#Les_associations_velo_de_votre_territoire_des_actrices_indispensables_pour_penser_une_politique_cyclable_adaptee\" >Les associations v\u00e9lo de votre territoire: des actrices indispensables pour penser une politique cyclable adapt\u00e9e\u00a0<\/a><\/li><li class='ez-toc-page-1 ez-toc-heading-level-3'><a class=\"ez-toc-link ez-toc-heading-2\" href=\"https:\/\/velo-pdl.fr\/index.php\/je-suis-une-collectivite\/#Des_outils_pour_accompagner_votre_collectivite\" >Des outils pour accompagner votre collectivit\u00e9<\/a><ul class='ez-toc-list-level-4' ><li class='ez-toc-heading-level-4'><a class=\"ez-toc-link ez-toc-heading-3\" href=\"https:\/\/velo-pdl.fr\/index.php\/je-suis-une-collectivite\/#_Les_recommandations_du_CEREMA\" >\u00a0 \u00a0 \u00a0 \u00a0 Les recommandations du CEREMA<\/a><\/li><li class='ez-toc-page-1 ez-toc-heading-level-4'><a class=\"ez-toc-link ez-toc-heading-4\" href=\"https:\/\/velo-pdl.fr\/index.php\/je-suis-une-collectivite\/#_Les_recommandations_de_lADEME\" >\u00a0 \u00a0 \u00a0 \u00a0 Les recommandations de l&rsquo;ADEME<\/a><\/li><li class='ez-toc-page-1 ez-toc-heading-level-4'><a class=\"ez-toc-link ez-toc-heading-5\" href=\"https:\/\/velo-pdl.fr\/index.php\/je-suis-une-collectivite\/#_Les_recommandations_de_la_FUB\" >\u00a0 \u00a0 \u00a0 \u00a0Les recommandations de la FUB<\/a><\/li><li class='ez-toc-page-1 ez-toc-heading-level-4'><a class=\"ez-toc-link ez-toc-heading-6\" href=\"https:\/\/velo-pdl.fr\/index.php\/je-suis-une-collectivite\/#_La_%C2%AB_plateforme_des_couts_%C2%BB_par_le_Club_des_villes_territoires_cyclables_et_marchables\" >\u00a0 \u00a0 \u00a0 \u00a0La \u00ab\u00a0plateforme des co\u00fbts\u00a0\u00bb par le Club des villes &amp; territoires cyclables et marchables<\/a><\/li><li class='ez-toc-page-1 ez-toc-heading-level-4'><a class=\"ez-toc-link ez-toc-heading-7\" href=\"https:\/\/velo-pdl.fr\/index.php\/je-suis-une-collectivite\/#_La_boite_a_outils_des_elus_par_le_collectif_cycliste_37\" >\u00a0 \u00a0 \u00a0 \u00a0La boite \u00e0 outils des \u00e9lus par le collectif cycliste 37\u00a0<\/a><\/li><li class='ez-toc-page-1 ez-toc-heading-level-4'><a class=\"ez-toc-link ez-toc-heading-8\" href=\"https:\/\/velo-pdl.fr\/index.php\/je-suis-une-collectivite\/#_Les_recommandations_du_collectif\" >\u00a0 \u00a0 \u00a0 \u00a0 Les recommandations du collectif<\/a><\/li><li class='ez-toc-page-1 ez-toc-heading-level-4'><a class=\"ez-toc-link ez-toc-heading-9\" href=\"https:\/\/velo-pdl.fr\/index.php\/je-suis-une-collectivite\/#_Les_aides_financieres_pour_mettre_en_oeuvre_une_politique_cyclable\" >\u00a0 \u00a0 \u00a0 \u00a0Les aides financi\u00e8res pour mettre en \u0153uvre une politique cyclable<\/a><\/li><li class='ez-toc-page-1 ez-toc-heading-level-4'><a class=\"ez-toc-link ez-toc-heading-10\" href=\"https:\/\/velo-pdl.fr\/index.php\/je-suis-une-collectivite\/#Aides_de_lEtat\" >Aides de l&rsquo;Etat<\/a><\/li><li class='ez-toc-page-1 ez-toc-heading-level-4'><a class=\"ez-toc-link ez-toc-heading-11\" href=\"https:\/\/velo-pdl.fr\/index.php\/je-suis-une-collectivite\/#Aides_de_la_Region\" >Aides de la R\u00e9gion<\/a><\/li><\/ul><\/li><\/ul><\/nav><\/div>\n<h3><span class=\"ez-toc-section\" id=\"Les_associations_velo_de_votre_territoire_des_actrices_indispensables_pour_penser_une_politique_cyclable_adaptee\"><\/span><strong>Les associations v\u00e9lo de votre territoire: des actrices indispensables pour penser une politique cyclable adapt\u00e9e\u00a0<\/strong><span class=\"ez-toc-section-end\"><\/span><\/h3>\n<p>Les membres des associations v\u00e9lo du territoire, du fait de leur pratique, poss\u00e8dent une exp\u00e9rience du terrain. Les associations, qui capitalisent ces retours d&rsquo;exp\u00e9rience se r\u00e9v\u00e8lent alors indispensables pour construire des politiques cyclables efficaces et adapt\u00e9es.<br \/>\nConcerter ces associations permet alors d&rsquo;avoir des retours de la r\u00e9alit\u00e9 du terrain parfois difficilement recensable, d&rsquo;appr\u00e9hender les enjeux autour du v\u00e9lo de fa\u00e7on plus syst\u00e9mique, mais aussi de donner toute la l\u00e9gitimit\u00e9 aux projets v\u00e9lo port\u00e9s par votre collectivit\u00e9.<\/p>\n<p>Vous trouverez ci-dessous plusieurs fiches \u00e9labor\u00e9es par le collectif pour vous aider \u00e0 \u00e9laborer une concertation sinc\u00e8re et transparente avec votre association v\u00e9lo locale.<\/p>\n<p><a href=\"https:\/\/drive.google.com\/file\/d\/1blIgJa1YWgdexzAVjXh1OcaWltRKEb0K\/view\">Fiche pratique : Prendre en compte les besoins et l\u2019expertise des usag\u00e8res et usagers<\/a><\/p>\n<p><a href=\"https:\/\/drive.google.com\/file\/d\/1NV9IZZ_iZjmHiQEdz5Xu-PQ6oCt2buhs\/view\">Fiche pratique : Inciter et accompagner la cr\u00e9ation d&rsquo;une association locale<\/a><\/p>\n<p><a href=\"https:\/\/drive.google.com\/file\/d\/1doJabjr-AoB5p9DiFNZ1sEbygT_Kx_Lx\/view?usp=sharing\">Fiche pratique : Soutenir l&rsquo;association de mon territoire<\/a><\/p>\n<p>&nbsp;<\/p>\n<h3><span class=\"ez-toc-section\" id=\"Des_outils_pour_accompagner_votre_collectivite\"><\/span><strong> Des outils pour accompagner votre collectivit\u00e9<\/strong><span class=\"ez-toc-section-end\"><\/span><\/h3>\n<h4><span class=\"ez-toc-section\" id=\"_Les_recommandations_du_CEREMA\"><\/span><strong>\u00a0 \u00a0 \u00a0 \u00a0 Les recommandations du CEREMA<\/strong><span class=\"ez-toc-section-end\"><\/span><\/h4>\n<p>Le CEREMA, est un \u00e9tablissement public sous la tutelle du minist\u00e8re de la Transition \u00e9cologique et de la Coh\u00e9sion des territoires. Son r\u00f4le est d&rsquo;accompagner l\u2019\u00c9tat et les collectivit\u00e9s territoriales pour l\u2019\u00e9laboration, le d\u00e9ploiement et l\u2019\u00e9valuation de politiques publiques d\u2019am\u00e9nagement et de transport.<\/p>\n<p>Les publications mises \u00e0 disposition par le CEREMA sont gratuites et permettent de se saisir des enjeux li\u00e9s \u00e0 la <a href=\"https:\/\/www.cerema.fr\/fr\/centre-ressources\/boutique\/general?boutique%5B0%5D=thematique%3A4895&amp;page=1\">mobilit\u00e9<\/a> de fa\u00e7on g\u00e9n\u00e9rale, mais aussi de fa\u00e7on pr\u00e9cise et pointue sur le v\u00e9lo particuli\u00e8rement.<\/p>\n<p>Ces ressources particuli\u00e8rement pr\u00e9cieuses, sont adapt\u00e9es aux diff\u00e9rents niveaux d&rsquo;expertise sur les enjeux li\u00e9s au v\u00e9lo.<br \/>\nLa publication <a href=\"https:\/\/www.cerema.fr\/fr\/centre-ressources\/boutique\/rendre-sa-voirie-cyclable\">Rendre sa voirie cyclable<\/a> constitue le socle de connaissances de base pour \u00e9laborer une politique cyclable.<\/p>\n<h4><span class=\"ez-toc-section\" id=\"_Les_recommandations_de_lADEME\"><\/span>\u00a0 \u00a0 \u00a0 <strong>\u00a0 Les recommandations de l&rsquo;ADEME<\/strong><span class=\"ez-toc-section-end\"><\/span><\/h4>\n<p>L&rsquo;ADEME, Agence De l&rsquo;Environnement et de la Ma\u00eetrise de l&rsquo;Energie, est un \u00e9tablissement\u00a0public sous la tutelle conjointe du minist\u00e8re de la Transition \u00e9cologique et solidaire et du minist\u00e8re de l\u2019Enseignement sup\u00e9rieur, de la Recherche et de l\u2019Innovation. Elle participe \u00e0 la mise en \u0153uvre des politiques publiques dans les domaines de l&rsquo;environnement, de l&rsquo;\u00e9nergie et du d\u00e9veloppement durable.<\/p>\n<p>Ainsi l&rsquo;ADEME produit r\u00e9guli\u00e8rement des ressources sur la th\u00e9matique mobilit\u00e9, avec notamment le guide destin\u00e9 \u00e0 <a href=\"https:\/\/librairie.ademe.fr\/mobilite-et-transport\/4425-developper-le-systeme-velo-dans-les-territoires-9791029718083.html\">accompagner les collectivit\u00e9s dans le d\u00e9veloppement de la culture v\u00e9lo.<\/a><\/p>\n<h4><span class=\"ez-toc-section\" id=\"_Les_recommandations_de_la_FUB\"><\/span>\u00a0 \u00a0 \u00a0 \u00a0<strong>Les recommandations de la FUB<\/strong><span class=\"ez-toc-section-end\"><\/span><\/h4>\n<p>Sur le site de la <a href=\"https:\/\/www.fub.fr\/\">FUB <\/a>\u00a0de nombreuses ressources sont \u00e9galement disponibles pour aborder diff\u00e9rentes th\u00e9matiques telles que les am\u00e9nagements, l&rsquo;intermodalit\u00e9, ou encore le stationnement.<\/p>\n<h4><span class=\"ez-toc-section\" id=\"_La_%C2%AB_plateforme_des_couts_%C2%BB_par_le_Club_des_villes_territoires_cyclables_et_marchables\"><\/span>\u00a0 \u00a0 \u00a0 \u00a0<strong>La \u00ab\u00a0<\/strong><strong>plateforme des co\u00fbts\u00a0\u00bb par le Club des villes &amp; territoires cyclables et marchables<\/strong><span class=\"ez-toc-section-end\"><\/span><\/h4>\n<p>La question du co\u00fbt \u00e9tant bien souvent centrale pour r\u00e9aliser des arbitrages, les donn\u00e9es \u00e0 ce sujet sont pr\u00e9cieuses. Ainsi, le Club des villes &amp; territoires cyclables et marchables a mis au point au plateforme\u00a0permettant de mieux connaitre les actions de politique publique possibles, et le co\u00fbt que celles-ci repr\u00e9sentent.<\/p>\n<p>recensement des aides financi\u00e8res possibles.<\/p>\n<p><a href=\"https:\/\/villes-cyclables.org\/ressources\/la-plateforme-des-couts\/a-propos\">La plateforme des co\u00fbts<\/a><\/p>\n<p><strong>\u00a0 \u00a0Les article de V\u00e9lo et Territoire<br \/>\n<\/strong>Sur le site de V\u00e9lo et territoire, vous trouverez de nombreux articles, croisant \u00e9tudes et observations de terrains, permettant de s&rsquo;acculturer aux sujets v\u00e9lo, des plus larges au plus pr\u00e9cis. Exemple: <a href=\"https:\/\/www.velo-territoires.org\/actualite\/2021\/06\/30\/installer-bornes-vae-itineraires-cyclables\/\">O\u00f9 installer les bornes de recharge VAE le long d&rsquo;un itin\u00e9raire cyclable ?<\/a><\/p>\n<p><strong><a href=\"https:\/\/www.velo-territoires.org\/actualites\/\">Lien vers les articles V\u00e9lo et Territoire\u00a0<\/a><br \/>\n<\/strong><\/p>\n<h4><span class=\"ez-toc-section\" id=\"_La_boite_a_outils_des_elus_par_le_collectif_cycliste_37\"><\/span>\u00a0 \u00a0 \u00a0 \u00a0<strong>La boite \u00e0 outils des \u00e9lus par le collectif cycliste 37\u00a0<\/strong><span class=\"ez-toc-section-end\"><\/span><\/h4>\n<p>Pour mieux connaitre et comprendre les leviers de d\u00e9veloppement \u00e0 la pratique du v\u00e9lo comme moyen de transport,\u00a0 pouvoir d\u00e9construire les id\u00e9es re\u00e7ues en objectivant les faits ( notamment au sujet de la fr\u00e9quentation des commerces et de la congestion du trafic)\u00a0 le collectif cycliste 37 a r\u00e9alis\u00e9 une boite \u00e0 outils, \u00e0 destination des \u00e9lus mobilit\u00e9s pour s&#8217;emparer du sujet, et acqu\u00e9rir des savoirs essentiels sur la th\u00e9matique.<\/p>\n<p><a href=\"https:\/\/www.cc37.org\/boite-a-outils-du-nouvel-elu-ressources-documentaires-sur-la-mobilite-a-velo\/#La_motilite_ou_aptitude_a_utiliser_un_mode_de_deplacement\">\u00ab\u00a0Boite \u00e0 outils du nouvel \u00e9lu \u00a0\u00bb par le collectif v\u00e9lo 37\u00a0<\/a><\/p>\n<h4><span class=\"ez-toc-section\" id=\"_Les_recommandations_du_collectif\"><\/span><strong>\u00a0 \u00a0 \u00a0 \u00a0 Les recommandations du collectif<\/strong><span class=\"ez-toc-section-end\"><\/span><\/h4>\n<p>Le collectif travaille pour accompagner les collectivit\u00e9s \u00e0 s\u2019emparer des outils existants et des leviers d\u2019actions positifs.<br \/>\nCes positions mettent notamment en avant le besoin d&rsquo;axer le point de vue selon l&rsquo;usager le plus vuln\u00e9rable.<\/p>\n<p><strong>\u00a0 \u00a0 \u00a0 \u00a0 \u00a0 \u00a0 \u00a0 \u00a0 \u00a0 \u00a0 \u00a0 \u00a0 \u00a0 \u00a0 \u00a0 \u00a0 \u00a0 \u00a0 \u00a0 Axer le point de vue selon l&rsquo;usager le plus vuln\u00e9rable\u00a0<\/strong><\/p>\n<p>Le choix du collectif est d&rsquo;axer ces demandes et ces recommandations selon le point de vue de l&rsquo;usager le plus vuln\u00e9rable.<br \/>\nEn effet, une des missions au c\u0153ur des actions du collectif est le changement de pratique : favoriser la pratique du v\u00e9lo dans les d\u00e9placements du quotidien.<br \/>\nOr, on constate que ceux qui n&rsquo;utilisent pas le v\u00e9lo pour les d\u00e9placements du quotidien ne le font pas, car ils ne sentent pas suffisamment en s\u00e9curit\u00e9 \u00e0 l&rsquo;id\u00e9e d&rsquo;effectuer un trajet \u00e0 v\u00e9lo. Ainsi, le choix d&rsquo;axer le point de vue selon le prisme de l&rsquo;usager le plus vuln\u00e9rable nous parait le plus pertinent pour favoriser le changement de pratique.<br \/>\nDe plus, il est n\u00e9cessaire de penser le changement de pratique \u00e0 une \u00e9chelle collective. En effet, dans un groupe familiale ou autre, si un des usagers ne se sent pas suffisamment en s\u00e9curit\u00e9 pour effectuer un trajet \u00e0 v\u00e9lo, c&rsquo;est potentiellement tout le groupe qui n&rsquo;utilisera pas le v\u00e9lo pour effectuer le trajet. Ainsi, axer les demandes et attentes du point de vue de l&rsquo;usager le plus vuln\u00e9rable, permet de favoriser les d\u00e9placements \u00e0 v\u00e9lo effectu\u00e9s en groupe.<\/p>\n<p><strong>Exemple d&rsquo;action du collectif<\/strong>:\u00a0 le collectif a accompagn\u00e9 plusieurs collectivit\u00e9s dans l\u2019analyse des r\u00e9sultats du barom\u00e8tre cyclables, et a ainsi d\u00e9velopp\u00e9 des outils et m\u00e9thodologies r\u00e9plicable pour faciliter leur appropriation des donn\u00e9es de cette enqu\u00eate.<\/p>\n<p><a href=\"https:\/\/barometre.parlons-velo.fr\/2021\/\">R\u00e9sultats du barom\u00e8tre des villes cyclables<\/a><\/p>\n<h4><span class=\"ez-toc-section\" id=\"_Les_aides_financieres_pour_mettre_en_oeuvre_une_politique_cyclable\"><\/span><strong>\u00a0 \u00a0 \u00a0 \u00a0Les aides financi\u00e8res pour mettre en \u0153uvre une politique cyclable<\/strong><span class=\"ez-toc-section-end\"><\/span><\/h4>\n<p>&nbsp;<\/p>\n<h4><span class=\"ez-toc-section\" id=\"Aides_de_lEtat\"><\/span><strong>Aides de l&rsquo;Etat<\/strong><span class=\"ez-toc-section-end\"><\/span><\/h4>\n<p>A travers les divers appels \u00e0 projets, et programmes existants, plusieurs aides peuvent accompagner votre collectivit\u00e9 dans la r\u00e9alisation\u00a0 de sa politique cyclable.<br \/>\nRetrouvez la plaquette recensant les diff\u00e9rents dispositifs existant : <a href=\"https:\/\/www.francemobilites.fr\/sites\/frenchmobility\/files\/inline-files\/Plaquette%20-%20Aides%20transports%20du%20quotidien_juil2024_0.pdf\">en cliquant ici\u00a0<\/a><\/p>\n<h4><span class=\"ez-toc-section\" id=\"Aides_de_la_Region\"><\/span><strong>Aides de la R\u00e9gion<\/strong><span class=\"ez-toc-section-end\"><\/span><\/h4>\n<p>La r\u00e9gion propose \u00e9galement plusieurs types d&rsquo;aide \u00e0 destination des collectivit\u00e9s ( financement, co-financement de projets, aides \u00e0 l&rsquo;achat ..)<br \/>\nRetrouvez la plaquette recensant les diff\u00e9rents dispositifs existant : <a href=\"https:\/\/drive.google.com\/drive\/folders\/1gFT1IyDKhTcajhGGug1RysLbxMUyIbTJ\">en cliquant ici<\/a><\/p>\n","protected":false},"excerpt":{"rendered":"<p>Les associations v\u00e9lo de votre territoire: des actrices indispensables pour penser une politique cyclable adapt\u00e9e\u00a0 Les membres des associations v\u00e9lo du territoire, du fait de leur pratique, poss\u00e8dent une exp\u00e9rience [&hellip;]<\/p>\n","protected":false},"author":1,"featured_media":0,"parent":0,"menu_order":0,"comment_status":"closed","ping_status":"closed","template":"","meta":{"footnotes":""},"class_list":["post-1555","page","type-page","status-publish","hentry"],"_links":{"self":[{"href":"https:\/\/velo-pdl.fr\/index.php\/wp-json\/wp\/v2\/pages\/1555","targetHints":{"allow":["GET"]}}],"collection":[{"href":"https:\/\/velo-pdl.fr\/index.php\/wp-json\/wp\/v2\/pages"}],"about":[{"href":"https:\/\/velo-pdl.fr\/index.php\/wp-json\/wp\/v2\/types\/page"}],"author":[{"embeddable":true,"href":"https:\/\/velo-pdl.fr\/index.php\/wp-json\/wp\/v2\/users\/1"}],"replies":[{"embeddable":true,"href":"https:\/\/velo-pdl.fr\/index.php\/wp-json\/wp\/v2\/comments?post=1555"}],"version-history":[{"count":20,"href":"https:\/\/velo-pdl.fr\/index.php\/wp-json\/wp\/v2\/pages\/1555\/revisions"}],"predecessor-version":[{"id":4302,"href":"https:\/\/velo-pdl.fr\/index.php\/wp-json\/wp\/v2\/pages\/1555\/revisions\/4302"}],"wp:attachment":[{"href":"https:\/\/velo-pdl.fr\/index.php\/wp-json\/wp\/v2\/media?parent=1555"}],"curies":[{"name":"wp","href":"https:\/\/api.w.org\/{rel}","templated":true}]}}